{"id":1684,"date":"2024-05-05T10:58:53","date_gmt":"2024-05-05T13:58:53","guid":{"rendered":"https:\/\/jptechnologies.com.br\/?page_id=1684"},"modified":"2024-05-05T11:00:37","modified_gmt":"2024-05-05T14:00:37","slug":"galeria-2","status":"publish","type":"page","link":"https:\/\/jptechnologies.com.br\/index.php\/galeria-2\/","title":{"rendered":"PecPro"},"content":{"rendered":"\t\t<div data-elementor-type=\"wp-page\" data-elementor-id=\"1684\" class=\"elementor elementor-1684\">\n\t\t\t\t<div class=\"elementor-element elementor-element-5916d59 e-flex e-con-boxed e-con e-parent\" data-id=\"5916d59\" data-element_type=\"container\" data-settings=\"{&quot;background_background&quot;:&quot;classic&quot;}\">\n\t\t\t\t\t<div class=\"e-con-inner\">\n\t\t\t\t<div class=\"elementor-element elementor-element-efd1925 elementor-widget elementor-widget-heading\" data-id=\"efd1925\" data-element_type=\"widget\" data-widget_type=\"heading.default\">\n\t\t\t\t<div class=\"elementor-widget-container\">\n\t\t\t\t\t<h2 class=\"elementor-heading-title elementor-size-default\">PecPro<\/h2>\t\t\t\t<\/div>\n\t\t\t\t<\/div>\n\t\t\t\t<div class=\"elementor-element elementor-element-a5b78a2 elementor-widget__width-initial elementor-widget elementor-widget-heading\" data-id=\"a5b78a2\" data-element_type=\"widget\" data-widget_type=\"heading.default\">\n\t\t\t\t<div class=\"elementor-widget-container\">\n\t\t\t\t\t<h2 class=\"elementor-heading-title elementor-size-default\">Adicione novas funcionalidades do PEC<\/h2>\t\t\t\t<\/div>\n\t\t\t\t<\/div>\n\t\t\t\t\t<\/div>\n\t\t\t\t<\/div>\n\t\t<div class=\"elementor-element elementor-element-f8541a0 e-flex e-con-boxed e-con e-parent\" data-id=\"f8541a0\" data-element_type=\"container\">\n\t\t\t\t\t<div class=\"e-con-inner\">\n\t\t\t\t<div class=\"elementor-element elementor-element-b85fd37 elementor-widget elementor-widget-heading\" data-id=\"b85fd37\" data-element_type=\"widget\" data-widget_type=\"heading.default\">\n\t\t\t\t<div class=\"elementor-widget-container\">\n\t\t\t\t\t<h2 class=\"elementor-heading-title elementor-size-default\">Politica de privacidade<\/h2>\t\t\t\t<\/div>\n\t\t\t\t<\/div>\n\t\t\t\t<div class=\"elementor-element elementor-element-a5a0edc elementor-widget elementor-widget-text-editor\" data-id=\"a5a0edc\" data-element_type=\"widget\" data-widget_type=\"text-editor.default\">\n\t\t\t\t<div class=\"elementor-widget-container\">\n\t\t\t\t\t\t\t\t\t<p>Pol\u00edtica de Privacidade da Extens\u00e3o PEC PRO<\/p><p><strong>1. Introdu\u00e7\u00e3o<\/strong><\/p><p>Uma ferramenta desenvolvida para aprimorar o desempenho do PEC na sa\u00fade prim\u00e1ria no Brasil. Esta pol\u00edtica de privacidade destina-se a informar voc\u00ea, usu\u00e1rio, sobre como coletamos, armazenamos, utilizamos e protegemos suas informa\u00e7\u00f5es pessoais. Ao utilizar nossa extens\u00e3o, voc\u00ea concorda com a coleta e uso das informa\u00e7\u00f5es conforme descrito neste documento.<\/p><p><strong>2. Informa\u00e7\u00f5es Coletadas<\/strong><\/p><p>Coletamos dados pessoais necess\u00e1rios para o funcionamento efetivo da extens\u00e3o, que podem incluir seu nome, informa\u00e7\u00f5es de contato e dados de sa\u00fade essenciais para a gest\u00e3o do atendimento m\u00e9dico. Os dados s\u00e3o coletados diretamente de suas intera\u00e7\u00f5es com a extens\u00e3o e inser\u00e7\u00f5es manuais de informa\u00e7\u00f5es.<\/p><p><strong>3. Uso dos Dados<\/strong><\/p><p>Seus dados s\u00e3o utilizados para:<\/p><p>Garantir a ades\u00e3o aos protocolos de sa\u00fade estabelecidos;<br \/>Melhorar a precis\u00e3o dos diagn\u00f3sticos fornecidos;<br \/>Fornecer uma gest\u00e3o mais eficaz dos servi\u00e7os de sa\u00fade.<br \/>N\u00e3o compartilhamos suas informa\u00e7\u00f5es com terceiros, exceto quando necess\u00e1rio para cumprir com obriga\u00e7\u00f5es legais ou com seu consentimento expl\u00edcito.<\/p><p><strong>4. Armazenamento e Seguran\u00e7a<\/strong><\/p><p>Os dados coletados s\u00e3o armazenados de forma segura em servidores localizados no Brasil, protegidos por tecnologias avan\u00e7adas de seguran\u00e7a. Empregamos medidas rigorosas para proteger suas informa\u00e7\u00f5es de acesso n\u00e3o autorizado, altera\u00e7\u00e3o, divulga\u00e7\u00e3o ou destrui\u00e7\u00e3o. Seus dados s\u00e3o mantidos pelo tempo necess\u00e1rio para cumprir os prop\u00f3sitos descritos nesta pol\u00edtica.<\/p><p><strong>5. Direitos dos Usu\u00e1rios<\/strong><\/p><p>De acordo com a LGPD, voc\u00ea tem direito a:<\/p><p>Acessar seus dados pessoais;<br \/>Corrigir dados incompletos, inexatos ou desatualizados;<br \/>Solicitar a anonimiza\u00e7\u00e3o, bloqueio ou elimina\u00e7\u00e3o de dados desnecess\u00e1rios ou excessivos;<br \/>Solicitar a portabilidade dos dados a outro fornecedor de servi\u00e7o ou produto, mediante requisi\u00e7\u00e3o expressa.<br \/>Para exercer esses direitos, entre em contato conosco atrav\u00e9s das informa\u00e7\u00f5es fornecidas na se\u00e7\u00e3o de contato desta pol\u00edtica.<\/p><p><strong>6. Consentimento<\/strong><\/p><p>Ao utilizar o PEC PRO voc\u00ea consente com a coleta, uso e armazenamento de suas informa\u00e7\u00f5es conforme estabelecido nesta pol\u00edtica de privacidade.<\/p><p><strong>7. Altera\u00e7\u00f5es na Pol\u00edtica de Privacidade<\/strong><\/p><p>Podemos alterar esta pol\u00edtica de privacidade periodicamente. Qualquer altera\u00e7\u00e3o ser\u00e1 comunicada a voc\u00ea por meio de nossa extens\u00e3o ou por contato direto, conforme apropriado.<\/p><p><strong>8. Contato<\/strong><\/p><p>Se tiver d\u00favidas sobre esta pol\u00edtica ou sobre como gerenciamos suas informa\u00e7\u00f5es, voc\u00ea pode entrar em contato conosco atrav\u00e9s do e-mail \u201cjptechnologiesce@gmail.com\u201d<\/p>\t\t\t\t\t\t\t\t<\/div>\n\t\t\t\t<\/div>\n\t\t\t\t\t<\/div>\n\t\t\t\t<\/div>\n\t\t\t\t<\/div>\n\t\t","protected":false},"excerpt":{"rendered":"<p>PecPro Adicione novas funcionalidades do PEC Politica de privacidade Pol\u00edtica de Privacidade da Extens\u00e3o PEC PRO 1. Introdu\u00e7\u00e3o Uma ferramenta desenvolvida para aprimorar o desempenho do PEC na sa\u00fade prim\u00e1ria no Brasil. Esta pol\u00edtica de privacidade destina-se a informar voc\u00ea, usu\u00e1rio, sobre como coletamos, armazenamos, utilizamos e protegemos suas informa\u00e7\u00f5es pessoais. Ao utilizar nossa extens\u00e3o, [&hellip;]<\/p>\n","protected":false},"author":1,"featured_media":0,"parent":0,"menu_order":0,"comment_status":"closed","ping_status":"closed","template":"","meta":{"_monsterinsights_skip_tracking":false,"_monsterinsights_sitenote_active":false,"_monsterinsights_sitenote_note":"","_monsterinsights_sitenote_category":0,"footnotes":""},"class_list":["post-1684","page","type-page","status-publish","hentry"],"aioseo_notices":[],"_links":{"self":[{"href":"https:\/\/jptechnologies.com.br\/index.php\/wp-json\/wp\/v2\/pages\/1684","targetHints":{"allow":["GET"]}}],"collection":[{"href":"https:\/\/jptechnologies.com.br\/index.php\/wp-json\/wp\/v2\/pages"}],"about":[{"href":"https:\/\/jptechnologies.com.br\/index.php\/wp-json\/wp\/v2\/types\/page"}],"author":[{"embeddable":true,"href":"https:\/\/jptechnologies.com.br\/index.php\/wp-json\/wp\/v2\/users\/1"}],"replies":[{"embeddable":true,"href":"https:\/\/jptechnologies.com.br\/index.php\/wp-json\/wp\/v2\/comments?post=1684"}],"version-history":[{"count":7,"href":"https:\/\/jptechnologies.com.br\/index.php\/wp-json\/wp\/v2\/pages\/1684\/revisions"}],"predecessor-version":[{"id":1692,"href":"https:\/\/jptechnologies.com.br\/index.php\/wp-json\/wp\/v2\/pages\/1684\/revisions\/1692"}],"wp:attachment":[{"href":"https:\/\/jptechnologies.com.br\/index.php\/wp-json\/wp\/v2\/media?parent=1684"}],"curies":[{"name":"wp","href":"https:\/\/api.w.org\/{rel}","templated":true}]}}